{"id":243,"date":"2024-05-15T18:53:34","date_gmt":"2024-05-15T16:53:34","guid":{"rendered":"https:\/\/przedszkolecieszyn.diecezjabielsko.pl\/?page_id=243"},"modified":"2024-05-15T18:53:35","modified_gmt":"2024-05-15T16:53:35","slug":"pliki-cookies","status":"publish","type":"page","link":"https:\/\/przedszkolecieszyn.diecezjabielsko.pl\/index.php\/pliki-cookies\/","title":{"rendered":"Pliki cookies"},"content":{"rendered":"<p>[et_pb_section fb_built=&#8221;1&#8243; theme_builder_area=&#8221;post_content&#8221; _builder_version=&#8221;4.25.1&#8243; _module_preset=&#8221;default&#8221;][et_pb_row _builder_version=&#8221;4.25.1&#8243; _module_preset=&#8221;default&#8221; theme_builder_area=&#8221;post_content&#8221;][et_pb_column _builder_version=&#8221;4.25.1&#8243; _module_preset=&#8221;default&#8221; type=&#8221;4_4&#8243; theme_builder_area=&#8221;post_content&#8221;][et_pb_text _builder_version=&#8221;4.25.1&#8243; _module_preset=&#8221;default&#8221; theme_builder_area=&#8221;post_content&#8221; hover_enabled=&#8221;0&#8243; sticky_enabled=&#8221;0&#8243;]<\/p>\n<p class=\"g-lead nomargintop\">Cookies (z j.ang. ciasteczka) to niewielkie pliki tekstowe wysy\u0142ane przez serwis internetowy, kt\u00f3ry odwiedza internauta, do urz\u0105dzenia internauty. Domy\u015blne parametry ciasteczek pozwalaj\u0105 na odczytanie informacji w nich zawartych jedynie serwerowi, kt\u00f3ry je utworzy\u0142.<\/p>\n<p><span>Ciasteczka s\u0105 stosowane najcz\u0119\u015bciej w przypadku licznik\u00f3w, sond, sklep\u00f3w internetowych, stron wymagaj\u0105cych logowania, reklam i do monitorowania aktywno\u015bci odwiedzaj\u0105cych.<\/span><\/p>\n<p><strong>Pliki &#8222;cookies&#8221; nie s\u0142u\u017c\u0105 identyfikacji u\u017cytkownik\u00f3w i na ich podstawie w \u017caden spos\u00f3b nie jest ustalana czyjakolwiek to\u017csamo\u015b\u0107.<\/strong><\/p>\n<p><span>Podmiotem zamieszczaj\u0105cym na urz\u0105dzeniu ko\u0144cowym u\u017cytkownika serwisu pliki cookies jest operator serwisu internetowego <\/span><strong>www.kp.dziedzictwo.org.pl<\/strong><span> czyli Katolickie Przedszkole im. Dzieci\u0105tka Jezus w Cieszynie.<\/span><\/p>\n<p><span>Pliki cookies:<\/span><\/p>\n<ul>\n<li>identyfikuj\u0105 dane komputera i przegl\u0105darki u\u017cywanych do przegl\u0105dania stron internetowych \u2013 pozwalaj\u0105 np. dowiedzie\u0107 si\u0119 czy dany komputer ju\u017c odwiedza\u0142 stron\u0119.<\/li>\n<li>dane pozyskane z \u201ecookies\u201d nie s\u0105 w \u017caden spos\u00f3b \u0142\u0105czone z danymi osobowymi u\u017cytkownik\u00f3w pozyskanymi np. podczas rejestracji w serwisach.<\/li>\n<li>nie s\u0105 szkodliwe ani dla nas ani dla naszych komputer\u00f3w, czy smartfon\u00f3w \u2013 nie wp\u0142ywaj\u0105 na spos\u00f3b ich dzia\u0142ania.<\/li>\n<li>nie powoduj\u0105 zmian konfiguracyjnych w urz\u0105dzeniach ko\u0144cowych, ani w oprogramowaniu zainstalowanym na tych urz\u0105dzeniach.<\/li>\n<li>domy\u015blne parametry \u201eciasteczek\u201d pozwalaj\u0105 na odczytanie informacji w nich zawartych jedynie serwerowi, kt\u00f3ry je utworzy\u0142.<\/li>\n<\/ul>\n<p><span>Pliki cookies wykorzystywane s\u0105 w celu:<\/span><\/p>\n<ul>\n<li>tworzenia statystyk, co umo\u017cliwia ulepszenie struktury serwisu.<\/li>\n<li>dostosowania zawarto\u015bci stron internetowych serwisu do preferencji U\u017cytkownika oraz optymalizacji korzystania ze stron internetowych.<\/li>\n<li>utrzymanie sesji u\u017cytkownika serwisu (po zalogowaniu).<\/li>\n<\/ul>\n<p>[\/et_pb_text][\/et_pb_column][\/et_pb_row][\/et_pb_section]<\/p>\n","protected":false},"excerpt":{"rendered":"<p>Cookies (z j.ang. ciasteczka) to niewielkie pliki tekstowe wysy\u0142ane przez serwis internetowy, kt\u00f3ry odwiedza internauta, do urz\u0105dzenia internauty. Domy\u015blne parametry ciasteczek pozwalaj\u0105 na odczytanie informacji w nich zawartych jedynie serwerowi, kt\u00f3ry je utworzy\u0142. Ciasteczka s\u0105 stosowane najcz\u0119\u015bciej w przypadku licznik\u00f3w, sond, sklep\u00f3w internetowych, stron wymagaj\u0105cych logowania, reklam i do monitorowania aktywno\u015bci odwiedzaj\u0105cych. Pliki &#8222;cookies&#8221; nie [&hellip;]<\/p>\n","protected":false},"author":2,"featured_media":0,"parent":0,"menu_order":0,"comment_status":"closed","ping_status":"closed","template":"","meta":{"_et_pb_use_builder":"on","_et_pb_old_content":"","_et_gb_content_width":"","footnotes":""},"class_list":["post-243","page","type-page","status-publish","hentry"],"_links":{"self":[{"href":"https:\/\/przedszkolecieszyn.diecezjabielsko.pl\/index.php\/wp-json\/wp\/v2\/pages\/243","targetHints":{"allow":["GET"]}}],"collection":[{"href":"https:\/\/przedszkolecieszyn.diecezjabielsko.pl\/index.php\/wp-json\/wp\/v2\/pages"}],"about":[{"href":"https:\/\/przedszkolecieszyn.diecezjabielsko.pl\/index.php\/wp-json\/wp\/v2\/types\/page"}],"author":[{"embeddable":true,"href":"https:\/\/przedszkolecieszyn.diecezjabielsko.pl\/index.php\/wp-json\/wp\/v2\/users\/2"}],"replies":[{"embeddable":true,"href":"https:\/\/przedszkolecieszyn.diecezjabielsko.pl\/index.php\/wp-json\/wp\/v2\/comments?post=243"}],"version-history":[{"count":2,"href":"https:\/\/przedszkolecieszyn.diecezjabielsko.pl\/index.php\/wp-json\/wp\/v2\/pages\/243\/revisions"}],"predecessor-version":[{"id":246,"href":"https:\/\/przedszkolecieszyn.diecezjabielsko.pl\/index.php\/wp-json\/wp\/v2\/pages\/243\/revisions\/246"}],"wp:attachment":[{"href":"https:\/\/przedszkolecieszyn.diecezjabielsko.pl\/index.php\/wp-json\/wp\/v2\/media?parent=243"}],"curies":[{"name":"wp","href":"https:\/\/api.w.org\/{rel}","templated":true}]}}