{"id":352,"date":"2024-05-15T22:07:24","date_gmt":"2024-05-15T20:07:24","guid":{"rendered":"https:\/\/przedszkolecieszyn.diecezjabielsko.pl\/?page_id=352"},"modified":"2025-03-17T20:17:25","modified_gmt":"2025-03-17T19:17:25","slug":"terapia-kompetencji-emocjonalnych","status":"publish","type":"page","link":"https:\/\/przedszkolecieszyn.diecezjabielsko.pl\/index.php\/terapia-kompetencji-emocjonalnych\/","title":{"rendered":"Zabawy matematyczne"},"content":{"rendered":"<p>[et_pb_section fb_built=&#8221;1&#8243; _builder_version=&#8221;4.25.1&#8243; _module_preset=&#8221;default&#8221; global_colors_info=&#8221;{}&#8221; theme_builder_area=&#8221;post_content&#8221;][et_pb_row _builder_version=&#8221;4.25.1&#8243; _module_preset=&#8221;default&#8221; global_colors_info=&#8221;{}&#8221; theme_builder_area=&#8221;post_content&#8221;][et_pb_column type=&#8221;4_4&#8243; _builder_version=&#8221;4.25.1&#8243; _module_preset=&#8221;default&#8221; global_colors_info=&#8221;{}&#8221; theme_builder_area=&#8221;post_content&#8221;][et_pb_text _builder_version=&#8221;4.25.2&#8243; _module_preset=&#8221;default&#8221; hover_enabled=&#8221;0&#8243; global_colors_info=&#8221;{}&#8221; theme_builder_area=&#8221;post_content&#8221; sticky_enabled=&#8221;0&#8243;]<\/p>\n<p><strong>Zabawy matematyczne prowadzone s\u0105 w 3 grupach po 8 dzieci przez mgr Karolin\u0119 Kopiec<\/strong><\/p>\n<p><span style=\"font-size: 18px;\">Zaj\u0119cia z Genibotem to ekscytuj\u0105ca forma nauki dla przedszkolak\u00f3w, kt\u00f3ra wprowadza dzieci w \u015bwiat programowania i robotyki. Genibot to edukacyjny robot, kt\u00f3ry umo\u017cliwia dzieciom nauk\u0119 poprzez interaktywne zabawy i zadania.<\/span><\/p>\n<p>Podczas zaj\u0119\u0107 z Genibotem dzieci mog\u0105 programowa\u0107 robota, aby wykonywa\u0142 r\u00f3\u017cnorodne czynno\u015bci, takie jak rysowanie kszta\u0142t\u00f3w, poruszanie si\u0119 po wyznaczonej trasie czy reagowanie na d\u017awi\u0119ki i kolory. Dzi\u0119ki temu przedszkolaki rozwijaj\u0105 umiej\u0119tno\u015bci logicznego my\u015blenia, planowania oraz rozwi\u0105zywania problem\u00f3w.<\/p>\n<p>Zaj\u0119cia matematyczne z Genibotem i magicznym dywanem dla przedszkolak\u00f3w to innowacyjny spos\u00f3b na wprowadzenie dzieci w \u015bwiat liczb i logiki poprzez zabaw\u0119. Magiczny dywan to interaktywna mata, kt\u00f3ra reaguje na ruchy dzieci, umo\u017cliwiaj\u0105c im nauk\u0119 poprzez ruch i zabaw\u0119.<\/p>\n<p>Podczas takich zaj\u0119\u0107 przedszkolaki mog\u0105 rozwi\u0105zywa\u0107 proste zadania matematyczne, takie jak liczenie, rozpoznawanie kszta\u0142t\u00f3w i kolor\u00f3w, a tak\u017ce podstawy kodowania. Dzi\u0119ki magicznemu dywanowi dzieci mog\u0105 na przyk\u0142ad uk\u0142ada\u0107 sekwencje, programowa\u0107 proste \u015bcie\u017cki i rozwi\u0105zywa\u0107 zagadki logiczne.<\/p>\n<p>Zaj\u0119cia te rozwijaj\u0105 umiej\u0119tno\u015bci matematyczne, logiczne my\u015blenie oraz koordynacj\u0119 ruchow\u0105. Dzieci ucz\u0105 si\u0119 wsp\u00f3\u0142pracy i komunikacji, pracuj\u0105c w grupach i pomagaj\u0105c sobie nawzajem w rozwi\u0105zywaniu zada\u0144. To tak\u017ce doskona\u0142a okazja do rozwijania kreatywno\u015bci i wyobra\u017ani.<\/p>\n<p><span>\u0141\u0105cz\u0105c zaj\u0119cia matematyczne z kodowaniem, magicznym dywanem i Genibotem, przedszkolaki maj\u0105 mo\u017cliwo\u015b\u0107 nauki w spos\u00f3b interaktywny i anga\u017cuj\u0105cy. To \u015bwietny spos\u00f3b na rozwijanie ich umiej\u0119tno\u015bci w r\u00f3\u017cnych dziedzinach, jednocze\u015bnie bawi\u0105c si\u0119 i odkrywaj\u0105c nowe technologie.<\/span><\/p>\n<p>[\/et_pb_text][\/et_pb_column][\/et_pb_row][et_pb_row _builder_version=&#8221;4.25.1&#8243; _module_preset=&#8221;default&#8221; global_colors_info=&#8221;{}&#8221; theme_builder_area=&#8221;post_content&#8221;][et_pb_column type=&#8221;4_4&#8243; _builder_version=&#8221;4.25.1&#8243; _module_preset=&#8221;default&#8221; global_colors_info=&#8221;{}&#8221; theme_builder_area=&#8221;post_content&#8221;][et_pb_gallery gallery_ids=&#8221;874,875,876,877&#8243; gallery_orderby=&#8221;rand&#8221; posts_number=&#8221;8&#8243; show_title_and_caption=&#8221;off&#8221; _builder_version=&#8221;4.25.2&#8243; _module_preset=&#8221;default&#8221; hover_enabled=&#8221;0&#8243; global_colors_info=&#8221;{}&#8221; theme_builder_area=&#8221;post_content&#8221; sticky_enabled=&#8221;0&#8243;][\/et_pb_gallery][\/et_pb_column][\/et_pb_row][\/et_pb_section]<\/p>\n","protected":false},"excerpt":{"rendered":"<p>Zabawy matematyczne prowadzone s\u0105 w 3 grupach po 8 dzieci przez mgr Karolin\u0119 Kopiec Zaj\u0119cia z Genibotem to ekscytuj\u0105ca forma nauki dla przedszkolak\u00f3w, kt\u00f3ra wprowadza dzieci w \u015bwiat programowania i robotyki. Genibot to edukacyjny robot, kt\u00f3ry umo\u017cliwia dzieciom nauk\u0119 poprzez interaktywne zabawy i zadania. Podczas zaj\u0119\u0107 z Genibotem dzieci mog\u0105 programowa\u0107 robota, aby wykonywa\u0142 r\u00f3\u017cnorodne [&hellip;]<\/p>\n","protected":false},"author":2,"featured_media":0,"parent":0,"menu_order":0,"comment_status":"closed","ping_status":"closed","template":"","meta":{"_et_pb_use_builder":"on","_et_pb_old_content":"","_et_gb_content_width":"","footnotes":""},"class_list":["post-352","page","type-page","status-publish","hentry"],"_links":{"self":[{"href":"https:\/\/przedszkolecieszyn.diecezjabielsko.pl\/index.php\/wp-json\/wp\/v2\/pages\/352","targetHints":{"allow":["GET"]}}],"collection":[{"href":"https:\/\/przedszkolecieszyn.diecezjabielsko.pl\/index.php\/wp-json\/wp\/v2\/pages"}],"about":[{"href":"https:\/\/przedszkolecieszyn.diecezjabielsko.pl\/index.php\/wp-json\/wp\/v2\/types\/page"}],"author":[{"embeddable":true,"href":"https:\/\/przedszkolecieszyn.diecezjabielsko.pl\/index.php\/wp-json\/wp\/v2\/users\/2"}],"replies":[{"embeddable":true,"href":"https:\/\/przedszkolecieszyn.diecezjabielsko.pl\/index.php\/wp-json\/wp\/v2\/comments?post=352"}],"version-history":[{"count":8,"href":"https:\/\/przedszkolecieszyn.diecezjabielsko.pl\/index.php\/wp-json\/wp\/v2\/pages\/352\/revisions"}],"predecessor-version":[{"id":878,"href":"https:\/\/przedszkolecieszyn.diecezjabielsko.pl\/index.php\/wp-json\/wp\/v2\/pages\/352\/revisions\/878"}],"wp:attachment":[{"href":"https:\/\/przedszkolecieszyn.diecezjabielsko.pl\/index.php\/wp-json\/wp\/v2\/media?parent=352"}],"curies":[{"name":"wp","href":"https:\/\/api.w.org\/{rel}","templated":true}]}}