{"id":413,"date":"2024-05-15T22:09:34","date_gmt":"2024-05-15T20:09:34","guid":{"rendered":"https:\/\/przedszkolecieszyn.diecezjabielsko.pl\/?page_id=413"},"modified":"2025-03-17T19:07:49","modified_gmt":"2025-03-17T18:07:49","slug":"terapia-kompetencji-spolecznych","status":"publish","type":"page","link":"https:\/\/przedszkolecieszyn.diecezjabielsko.pl\/index.php\/terapia-kompetencji-spolecznych\/","title":{"rendered":"Arteterapia"},"content":{"rendered":"<p>[et_pb_section fb_built=&#8221;1&#8243; _builder_version=&#8221;4.25.1&#8243; _module_preset=&#8221;default&#8221; global_colors_info=&#8221;{}&#8221; theme_builder_area=&#8221;post_content&#8221;][et_pb_row _builder_version=&#8221;4.25.1&#8243; _module_preset=&#8221;default&#8221; global_colors_info=&#8221;{}&#8221; theme_builder_area=&#8221;post_content&#8221;][et_pb_column type=&#8221;4_4&#8243; _builder_version=&#8221;4.25.1&#8243; _module_preset=&#8221;default&#8221; global_colors_info=&#8221;{}&#8221; theme_builder_area=&#8221;post_content&#8221;][et_pb_text _builder_version=&#8221;4.25.1&#8243; _module_preset=&#8221;default&#8221; global_colors_info=&#8221;{}&#8221; theme_builder_area=&#8221;post_content&#8221;]<\/p>\n<p><strong>Arteterapia jest prowadzona w 4 grupach po 10 dzieci przez Agnieszk\u0119 Kuszewsk\u0105-Szewieczek.<\/strong><\/p>\n<p>Arteterapia to fascynuj\u0105ca forma terapii, kt\u00f3ra \u0142\u0105czy sztuk\u0119 z procesem leczenia. Wyobra\u017a sobie, \u017ce mo\u017cesz wyrazi\u0107 swoje emocje, my\u015bli i prze\u017cycia poprzez malowanie, rysowanie, rze\u017abienie czy nawet taniec! &#x1f31f;<\/p>\n<p>Na zaj\u0119ciach arteterapii nie musisz by\u0107 profesjonalnym artyst\u0105. To przestrze\u0144, gdzie ka\u017cdy mo\u017ce odkrywa\u0107 swoje kreatywne mo\u017cliwo\u015bci i czerpa\u0107 z tego rado\u015b\u0107. Pod okiem do\u015bwiadczonego terapeuty, uczestnicy maj\u0105 szans\u0119 na g\u0142\u0119bok\u0105 refleksj\u0119, relaks i odkrywanie nowych sposob\u00f3w radzenia sobie ze stresem czy trudno\u015bciami.<\/p>\n<p>Arteterapia to \u015bwietna okazja do poznania nowych ludzi i dzielenia si\u0119 swoimi do\u015bwiadczeniami w bezpiecznym i wspieraj\u0105cym \u015brodowisku.<\/p>\n<p>[\/et_pb_text][\/et_pb_column][\/et_pb_row][et_pb_row _builder_version=&#8221;4.25.2&#8243; _module_preset=&#8221;default&#8221; hover_enabled=&#8221;0&#8243; global_colors_info=&#8221;{}&#8221; theme_builder_area=&#8221;post_content&#8221; sticky_enabled=&#8221;0&#8243;][et_pb_column type=&#8221;4_4&#8243; _builder_version=&#8221;4.25.1&#8243; _module_preset=&#8221;default&#8221; global_colors_info=&#8221;{}&#8221; theme_builder_area=&#8221;post_content&#8221;][et_pb_gallery gallery_ids=&#8221;416,417,418,419,420,421,422,423,424,425,426,427,428,429,430,431,432,433,434,435,436,437,438,439,440,441,442,443,444,445,446,447,448,449,450&#8243; gallery_orderby=&#8221;rand&#8221; posts_number=&#8221;8&#8243; show_title_and_caption=&#8221;off&#8221; _builder_version=&#8221;4.25.2&#8243; _module_preset=&#8221;default&#8221; hover_enabled=&#8221;0&#8243; global_colors_info=&#8221;{}&#8221; theme_builder_area=&#8221;post_content&#8221; sticky_enabled=&#8221;0&#8243;][\/et_pb_gallery][\/et_pb_column][\/et_pb_row][\/et_pb_section]<\/p>\n","protected":false},"excerpt":{"rendered":"<p>Arteterapia jest prowadzona w 4 grupach po 10 dzieci przez Agnieszk\u0119 Kuszewsk\u0105-Szewieczek. Arteterapia to fascynuj\u0105ca forma terapii, kt\u00f3ra \u0142\u0105czy sztuk\u0119 z procesem leczenia. Wyobra\u017a sobie, \u017ce mo\u017cesz wyrazi\u0107 swoje emocje, my\u015bli i prze\u017cycia poprzez malowanie, rysowanie, rze\u017abienie czy nawet taniec! &#x1f31f; Na zaj\u0119ciach arteterapii nie musisz by\u0107 profesjonalnym artyst\u0105. To przestrze\u0144, gdzie ka\u017cdy mo\u017ce odkrywa\u0107 [&hellip;]<\/p>\n","protected":false},"author":2,"featured_media":0,"parent":0,"menu_order":0,"comment_status":"closed","ping_status":"closed","template":"","meta":{"_et_pb_use_builder":"on","_et_pb_old_content":"","_et_gb_content_width":"","footnotes":""},"class_list":["post-413","page","type-page","status-publish","hentry"],"_links":{"self":[{"href":"https:\/\/przedszkolecieszyn.diecezjabielsko.pl\/index.php\/wp-json\/wp\/v2\/pages\/413","targetHints":{"allow":["GET"]}}],"collection":[{"href":"https:\/\/przedszkolecieszyn.diecezjabielsko.pl\/index.php\/wp-json\/wp\/v2\/pages"}],"about":[{"href":"https:\/\/przedszkolecieszyn.diecezjabielsko.pl\/index.php\/wp-json\/wp\/v2\/types\/page"}],"author":[{"embeddable":true,"href":"https:\/\/przedszkolecieszyn.diecezjabielsko.pl\/index.php\/wp-json\/wp\/v2\/users\/2"}],"replies":[{"embeddable":true,"href":"https:\/\/przedszkolecieszyn.diecezjabielsko.pl\/index.php\/wp-json\/wp\/v2\/comments?post=413"}],"version-history":[{"count":9,"href":"https:\/\/przedszkolecieszyn.diecezjabielsko.pl\/index.php\/wp-json\/wp\/v2\/pages\/413\/revisions"}],"predecessor-version":[{"id":850,"href":"https:\/\/przedszkolecieszyn.diecezjabielsko.pl\/index.php\/wp-json\/wp\/v2\/pages\/413\/revisions\/850"}],"wp:attachment":[{"href":"https:\/\/przedszkolecieszyn.diecezjabielsko.pl\/index.php\/wp-json\/wp\/v2\/media?parent=413"}],"curies":[{"name":"wp","href":"https:\/\/api.w.org\/{rel}","templated":true}]}}