{"id":736,"date":"2024-10-14T13:59:59","date_gmt":"2024-10-14T11:59:59","guid":{"rendered":"https:\/\/przedszkolecieszyn.diecezjabielsko.pl\/?page_id=736"},"modified":"2026-05-13T13:09:30","modified_gmt":"2026-05-13T11:09:30","slug":"mali-badacze-swiata","status":"publish","type":"page","link":"https:\/\/przedszkolecieszyn.diecezjabielsko.pl\/index.php\/mali-badacze-swiata\/","title":{"rendered":"Mali badacze \u015bwiata"},"content":{"rendered":"<p>[et_pb_section fb_built=&#8221;1&#8243; _builder_version=&#8221;4.25.1&#8243; _module_preset=&#8221;default&#8221; global_colors_info=&#8221;{}&#8221; theme_builder_area=&#8221;post_content&#8221;][et_pb_row _builder_version=&#8221;4.25.1&#8243; _module_preset=&#8221;default&#8221; global_colors_info=&#8221;{}&#8221; theme_builder_area=&#8221;post_content&#8221;][et_pb_column type=&#8221;4_4&#8243; _builder_version=&#8221;4.25.1&#8243; _module_preset=&#8221;default&#8221; global_colors_info=&#8221;{}&#8221; theme_builder_area=&#8221;post_content&#8221;][et_pb_image src=&#8221;https:\/\/przedszkolecieszyn.diecezjabielsko.pl\/wp-content\/uploads\/2024\/05\/logotypes_bottom2.png&#8221; title_text=&#8221;logotypes_bottom2&#8243; _builder_version=&#8221;4.25.1&#8243; _module_preset=&#8221;default&#8221; global_colors_info=&#8221;{}&#8221; theme_builder_area=&#8221;post_content&#8221;][\/et_pb_image][et_pb_text _builder_version=&#8221;4.25.1&#8243; _module_preset=&#8221;default&#8221; global_colors_info=&#8221;{}&#8221; theme_builder_area=&#8221;post_content&#8221;]<\/p>\n<p>&nbsp;<\/p>\n<p><strong>Mali <span style=\"font-size: 18px;\">badacze \u015bwiata<\/span><\/strong><\/p>\n<p>Projekt realizowany jest ze \u015brodk\u00f3w Programu Fundusze Europejskie dla \u015al\u0105skiego 2021-2027 (Europejski Fundusz Spo\u0142eczny +)<\/p>\n<p>Priorytet: FESL.06.00 \u2013 Fundusze Europejskie dla edukacji<\/p>\n<p>Dzia\u0142anie: FESL.06.01 \u2013 Edukacja przedszkolna<\/p>\n<p>Celem projektu jest podniesienie jako\u015bci edukacji przedszkolnej w Katolickim Przedszkolu im. Dzieci\u0105tka Jezus w Cieszynie dzi\u0119ki realizacji zaj\u0119\u0107 dodatkowych wyr\u00f3wnuj\u0105cych szanse edukacyjne dzieci w zakresie stwierdzonych deficyt\u00f3w oraz rozwijaj\u0105cych kompetencje kluczowe, a tak\u017ce podniesienie kwalifikacji i kompetencji kadry przedszkola dzi\u0119ki szkoleniom i studiom podyplomowym na podstawie problem\u00f3w zidentyfikowanych w przeprowadzonej diagnozie.<\/p>\n<p>Grupa docelowa to dzieci ucz\u0119szczaj\u0105ce do Katolickiego Przedszkola w Cieszynie: 60 dzieci (22K,38M) z Cieszyna i okolic (woj. \u015bl\u0105skie), kt\u00f3re wezm\u0105 udzia\u0142 w zaplanowanych zaj\u0119ciach dodatkowych oraz 5 nauczycielek (5K).<\/p>\n<p><strong>Projekt realizowany b\u0119dzie od 1 wrze\u015bnia 2024 do 31 sierpnia 2026.<\/strong><\/p>\n<p>W ramach projektu realizowane b\u0119d\u0105 dwa zadania:<\/p>\n<p>1\/ Wsparcie edukacji przedszkolnej poprzez organizacj\u0119 zaj\u0119\u0107 dodatkowych wraz z doposa\u017ceniem<\/p>\n<p>W ramach tego zadania przewidziano nast\u0119puj\u0105ce zaj\u0119cia:<\/p>\n<p>Terapia ogrodem: zaj\u0119cia kszta\u0142tuj\u0105ce \u015bwiadomo\u015b\u0107 ekologiczn\u0105 oraz postawy prozdrowotne<\/p>\n<p>Muzykoterapia<\/p>\n<p>Arteterapia<\/p>\n<p>Zabawy matematyczne: rozwijanie kompetencji matematycznych przy u\u017cyciu robot\u00f3w, mat koduj\u0105cych oraz klock\u00f3w.<\/p>\n<p>Zaj\u0119cia kszta\u0142tuj\u0105ce preorientacj\u0119 zawodow\u0105<\/p>\n<p>Wi\u0119cej nas \u0142\u0105czy, ni\u017c dzieli \u2013 program przeciwdzia\u0142ania dyskryminacji i wykluczeniu spo\u0142ecznemu<\/p>\n<p>Zaplanowano tak\u017ce \u015awi\u0119to zdrowego przedszkolaka \u2013 festyn z rodzicami w ogrodzie przedszkolnym podsumowuj\u0105cy efekty projektu.<\/p>\n<p>W ramach zadania zaplanowano zakupy sprz\u0119tu i pomocy dydaktycznych, m.in.: magiczna \u015bciana\/pod\u0142oga, zestaw do rozwoju kompetencji kluczowych z robotem i mat\u0105 typu kodowanie na dywanie, zestaw klock\u00f3w edukacyjnych do kodowania oraz ksi\u0105\u017cka z lekcjami i \u0107wiczeniami, pakiet Kodowanie i Programowanie &#8211; pakiet 3 gier zawieraj\u0105cych 223 aktywno\u015bci, kt\u00f3re w przyjazny spos\u00f3b wprowadzaj\u0105 dzieci w \u015bwiat programowania, gra do treningu koncentracji, p\u0142yty sensory &#8211; p\u0142ytki pod\u0142ogowe z p\u0142ynnym wype\u0142nieniem, projektor \u015bwietlny i d\u017awi\u0119kowy, gra pami\u0119\u0107 sensoryczna, gra drewniana mozaika, klocki magnetyczne, materia\u0142y plastyczne, pomoce sensoryczne, instrumenty muzyczne, narz\u0119dzia ogrodnicze, zestawy nasion i zi\u00f3\u0142, pomoce do zaj\u0119\u0107 z preorientacji zawodowej, projektor kr\u00f3tkoogniskowy.<\/p>\n<p>Zaplanowano r\u00f3wnie\u017c zakup schodo\u0142azu g\u0105sienicowego w celi likwidacji barier architektonicznych w szkole.<\/p>\n<p>2\/ Podnoszenie kwalifikacji zawodowych, umiej\u0119tno\u015bci i kompetencji nauczycieli przedszkola<\/p>\n<p>W ramach tego zadania przewidziano studia podyplomowe:<\/p>\n<p>Terapia zaj\u0119ciowa z arteterapi\u0105<\/p>\n<p>Rytmika i muzykoterapia w edukacji wczesnoszkolnej i przedszkolnej<\/p>\n<p>oraz szkolenia:<\/p>\n<p>Metody Psychoterapii Kr\u00f3tkoterminowej Skoncentrowanej na Rozwi\u0105zaniach<\/p>\n<p>Zapobieganie dyskryminacji i edukacja dla warto\u015bci<\/p>\n<p>Terapia R\u0119ki PTR\u00a9 I i II stopie\u0144, kurs nadaj\u0105cy uprawnienia<\/p>\n<p>Sensoplastyka\u00ae \u2013 trener I stopnia<\/p>\n<p>Efektem realizacji projektu b\u0119d\u0105 nast\u0119puj\u0105ce wska\u017aniki:<\/p>\n<p>Wska\u017aniki produktu:<\/p>\n<p>Liczba dzieci obj\u0119tych dodatkowymi zaj\u0119ciami w edukacji przedszkolnej 60 (22K, 38M)<\/p>\n<p>Liczba przedstawicieli kadry szk\u00f3\u0142 i plac\u00f3wek systemu o\u015bwiaty obj\u0119tych wsparciem 5 (5K)<\/p>\n<p>Liczba szk\u00f3\u0142 i plac\u00f3wek systemu o\u015bwiaty obj\u0119tych wsparciem 1<\/p>\n<p>Liczba obiekt\u00f3w edukacyjnych dostosowanych do potrzeb os\u00f3b z niepe\u0142nosprawno\u015bciami 1<\/p>\n<p>Liczba dzieci\/uczni\u00f3w o specjalnych potrzebach rozwojowych i edukacyjnych, obj\u0119tych wsparciem 60 (22K, 38M)<\/p>\n<p>Wska\u017aniki rezultatu:<\/p>\n<p>Liczba przedstawicieli kadry szk\u00f3\u0142 i plac\u00f3wek systemu o\u015bwiaty, kt\u00f3rzy uzyskali kwalifikacje po opuszczeniu programu 5 (5K)<\/p>\n<p>#Fundusze UE\u00a0 #Fundusze Europejskie<\/p>\n<p><strong>Warto\u015b\u0107 projektu: 282\u00a0941,12 z\u0142<\/strong><\/p>\n<p><strong>Wysoko\u015b\u0107 wk\u0142adu z Funduszy Europejskich: 240 499,95 z\u0142<\/strong><\/p>\n<p>&nbsp;<\/p>\n<p><a href=\"https:\/\/przedszkolecieszyn.diecezjabielsko.pl\/index.php\/terapia-kompetencji-jezykowych-i-komunikacyjnych\/\">Terapia ogrodem<\/a><\/p>\n<p><a href=\"https:\/\/przedszkolecieszyn.diecezjabielsko.pl\/index.php\/terapia-reki\/\">Preorientacja zawodowa<\/a><\/p>\n<p><a href=\"https:\/\/przedszkolecieszyn.diecezjabielsko.pl\/index.php\/terapia-przez-sztuke\/\">Muzykoterapia<\/a><\/p>\n<p><a href=\"https:\/\/przedszkolecieszyn.diecezjabielsko.pl\/index.php\/terapia-kompetencji-spolecznych\/\">Arteterapia<\/a><\/p>\n<p><a href=\"https:\/\/przedszkolecieszyn.diecezjabielsko.pl\/index.php\/terapia-kompetencji-emocjonalnych\/\">Zabawy matematyczne<\/a><\/p>\n<p><a href=\"https:\/\/przedszkolecieszyn.diecezjabielsko.pl\/index.php\/terapia-ruchem\/\">&#8222;Wi\u0119cej nas \u0142\u0105czy ni\u017c dzieli&#8221; &#8211; program przeciwdzia\u0142ania dyskryminacji i wykluczeniu spo\u0142ecznemu<\/a><\/p>\n<p>[\/et_pb_text][\/et_pb_column][\/et_pb_row][et_pb_row column_structure=&#8221;1_6,1_6,1_6,1_6,1_6,1_6&#8243; _builder_version=&#8221;4.25.2&#8243; _module_preset=&#8221;default&#8221; width=&#8221;100%&#8221; custom_margin=&#8221;|75px||auto||&#8221; global_colors_info=&#8221;{}&#8221; theme_builder_area=&#8221;post_content&#8221;][et_pb_column type=&#8221;1_6&#8243; _builder_version=&#8221;4.25.2&#8243; _module_preset=&#8221;default&#8221; global_colors_info=&#8221;{}&#8221; theme_builder_area=&#8221;post_content&#8221;][et_pb_toggle title=&#8221;Regulaminy&#8221; _builder_version=&#8221;4.25.2&#8243; _module_preset=&#8221;default&#8221; min_height=&#8221;128px&#8221; custom_margin=&#8221;||60px|||&#8221; custom_padding=&#8221;||9px|||&#8221; global_colors_info=&#8221;{}&#8221; theme_builder_area=&#8221;post_content&#8221;]<\/p>\n<p><a href=\"https:\/\/przedszkolecieszyn.diecezjabielsko.pl\/wp-content\/uploads\/2025\/10\/ZaC582C485cznik20do20regulaminu_klauzula20informacyjna.docx\" rel=\"attachment wp-att-1059\">Za\u0142\u0105cznik do regulaminu_klauzula informacyjna<\/a> \u00a0\u00a0 <a href=\"https:\/\/przedszkolecieszyn.diecezjabielsko.pl\/wp-content\/uploads\/2025\/10\/ZaC582C485cznik20do20Regulaminu_klauzula20informacyjna.pdf\" rel=\"attachment wp-att-1060\">Za\u0142\u0105cznik do Regulaminu klauzula informacyjna<\/a><\/p>\n<p>[\/et_pb_toggle][\/et_pb_column][et_pb_column type=&#8221;1_6&#8243; _builder_version=&#8221;4.25.2&#8243; _module_preset=&#8221;default&#8221; global_colors_info=&#8221;{}&#8221; theme_builder_area=&#8221;post_content&#8221;][et_pb_toggle title=&#8221;Regulamin rekrutacji   &#8221; _builder_version=&#8221;4.25.2&#8243; _module_preset=&#8221;default&#8221; min_height=&#8221;128px&#8221; custom_margin=&#8221;||60px|||&#8221; custom_padding=&#8221;||9px|||&#8221; global_colors_info=&#8221;{}&#8221; theme_builder_area=&#8221;post_content&#8221;]<\/p>\n<p><a href=\"https:\/\/przedszkolecieszyn.diecezjabielsko.pl\/wp-content\/uploads\/2025\/03\/regulamin-KPC-2024.pdf\" rel=\"attachment wp-att-909\">regulamin KPC 2024<\/a><\/p>\n<p>[\/et_pb_toggle][\/et_pb_column][et_pb_column type=&#8221;1_6&#8243; _builder_version=&#8221;4.25.2&#8243; _module_preset=&#8221;default&#8221; global_colors_info=&#8221;{}&#8221; theme_builder_area=&#8221;post_content&#8221;][et_pb_toggle title=&#8221;Regulamin wersja dla os\u00f3b z problemami ze wzrokiem&#8221; _builder_version=&#8221;4.25.2&#8243; _module_preset=&#8221;default&#8221; custom_padding=&#8221;||8px|||&#8221; global_colors_info=&#8221;{}&#8221; theme_builder_area=&#8221;post_content&#8221;]<\/p>\n<p><a href=\"https:\/\/przedszkolecieszyn.diecezjabielsko.pl\/wp-content\/uploads\/2025\/03\/Regulamin.pdf\" rel=\"attachment wp-att-929\">Regulamin<\/a><\/p>\n<p>[\/et_pb_toggle][\/et_pb_column][et_pb_column type=&#8221;1_6&#8243; _builder_version=&#8221;4.25.2&#8243; _module_preset=&#8221;default&#8221; global_colors_info=&#8221;{}&#8221; theme_builder_area=&#8221;post_content&#8221;][et_pb_toggle title=&#8221;Klauzula informacyjna&#8221; _builder_version=&#8221;4.25.2&#8243; _module_preset=&#8221;default&#8221; custom_margin=&#8221;||40px|||&#8221; custom_padding=&#8221;||56px|||&#8221; global_colors_info=&#8221;{}&#8221; theme_builder_area=&#8221;post_content&#8221;]<\/p>\n<p><a href=\"https:\/\/przedszkolecieszyn.diecezjabielsko.pl\/wp-content\/uploads\/2025\/03\/Klauzula-informacyjna.pdf\" rel=\"attachment wp-att-934\"><\/a><a href=\"https:\/\/przedszkolecieszyn.diecezjabielsko.pl\/wp-content\/uploads\/2025\/08\/zalacznik-nr-8-Formularz-klauzuli-informacyjnej-1.docx\" rel=\"attachment wp-att-1022\">za\u0142\u0105cznik nr 8 Formularz klauzuli informacyjnej \u00a0 <\/a><a href=\"https:\/\/przedszkolecieszyn.diecezjabielsko.pl\/wp-content\/uploads\/2025\/03\/Klauzula-informacyjna.pdf\" rel=\"attachment wp-att-934\">Klauzula informacyjna<\/a><\/p>\n<p>[\/et_pb_toggle][\/et_pb_column][et_pb_column type=&#8221;1_6&#8243; _builder_version=&#8221;4.25.2&#8243; _module_preset=&#8221;default&#8221; global_colors_info=&#8221;{}&#8221; theme_builder_area=&#8221;post_content&#8221;][et_pb_toggle title=&#8221;Deklaracje&#8221; _builder_version=&#8221;4.25.2&#8243; _module_preset=&#8221;default&#8221; min_height=&#8221;128.6px&#8221; custom_padding=&#8221;|0px|42px|||&#8221; global_colors_info=&#8221;{}&#8221; theme_builder_area=&#8221;post_content&#8221;]<\/p>\n<p><a href=\"https:\/\/przedszkolecieszyn.diecezjabielsko.pl\/wp-content\/uploads\/2025\/08\/Dane-uczestnikow-projektu-nauczycielki-KP-Cieszyn-2024.doc\" rel=\"attachment wp-att-1014\">Dane uczestnik\u00f3w projektu nauczycielki KP Cieszyn 2024<\/a> <a href=\"https:\/\/przedszkolecieszyn.diecezjabielsko.pl\/wp-content\/uploads\/2025\/08\/deklaracja-udzialu-w-projekcie-nauczycielki-KPC-2024.doc\" rel=\"attachment wp-att-1015\">deklaracja udzia\u0142u w projekcie nauczycielki KPC 2024<\/a> <a href=\"https:\/\/przedszkolecieszyn.diecezjabielsko.pl\/wp-content\/uploads\/2025\/08\/oswiadczenie-o-kwalifikowalnosci-nauczycielki-KPC-2024.doc\" rel=\"attachment wp-att-1016\">oswiadczenie o kwalifikowalnosci nauczycielki KPC 2024<\/a> <a href=\"https:\/\/przedszkolecieszyn.diecezjabielsko.pl\/wp-content\/uploads\/2025\/08\/wstepna-deklaracja-udzialu-w-projekcie-KPC-nauczycielki-2024.doc\" rel=\"attachment wp-att-1017\">wst\u0119pna deklaracja udzia\u0142u w projekcie KPC nauczycielki 2024<\/a><a href=\"https:\/\/przedszkolecieszyn.diecezjabielsko.pl\/wp-content\/uploads\/2025\/08\/deklaracja-udzialu-w-projekcie-nauczycielki-KPC-2024.doc\" rel=\"attachment wp-att-1015\">deklaracja udzia\u0142u w projekcie nauczycielki KPC 2024<\/a><a href=\"https:\/\/przedszkolecieszyn.diecezjabielsko.pl\/wp-content\/uploads\/2025\/08\/dane-uczestnikow-KP-C-2024.doc\" rel=\"attachment wp-att-1018\">dane uczestnik\u00f3w KP C 2024<\/a> <a href=\"https:\/\/przedszkolecieszyn.diecezjabielsko.pl\/wp-content\/uploads\/2025\/08\/deklaracja-udzialu-w-projekcie-KPC-2024.doc\" rel=\"attachment wp-att-1019\">deklaracja udzia\u0142u w projekcie KPC 2024<\/a> <a href=\"https:\/\/przedszkolecieszyn.diecezjabielsko.pl\/wp-content\/uploads\/2025\/08\/oswiadczenie-o-kwalifikowalnosci-KPC-2024.doc\" rel=\"attachment wp-att-1020\">oswiadczenie o kwalifikowalnosci KPC 2024<\/a><\/p>\n<p>[\/et_pb_toggle][\/et_pb_column][et_pb_column type=&#8221;1_6&#8243; _builder_version=&#8221;4.25.2&#8243; _module_preset=&#8221;default&#8221; global_colors_info=&#8221;{}&#8221; theme_builder_area=&#8221;post_content&#8221;][et_pb_toggle title=&#8221;Harmonogramy&#8221; _builder_version=&#8221;4.25.2&#8243; _module_preset=&#8221;default&#8221; min_height=&#8221;125.6px&#8221; hover_enabled=&#8221;0&#8243; global_colors_info=&#8221;{}&#8221; theme_builder_area=&#8221;post_content&#8221; sticky_enabled=&#8221;0&#8243;]<\/p>\n<p><a href=\"https:\/\/przedszkolecieszyn.diecezjabielsko.pl\/wp-content\/uploads\/2026\/05\/Kwiecien-2026.pdf\" rel=\"attachment wp-att-1129\">Kwiecie\u0144-2026<\/a><a href=\"https:\/\/przedszkolecieszyn.diecezjabielsko.pl\/wp-content\/uploads\/2026\/04\/Marzec-2026.pdf\" rel=\"attachment wp-att-1114\" aria-label=\"Harmonogram Marzec 2026\"> Harmonogram Marzec 2026 <\/a><a href=\"https:\/\/przedszkolecieszyn.diecezjabielsko.pl\/wp-content\/uploads\/2026\/04\/Luty-2026.pdf\" rel=\"attachment wp-att-1115\">Harmonogram Luty 2026\u00a0 Ha<\/a><a href=\"https:\/\/przedszkolecieszyn.diecezjabielsko.pl\/wp-content\/uploads\/2026\/01\/Harmonogram-styczen-2026.pdf\" rel=\"attachment wp-att-1082\" aria-label=\"Harmonogram stycze\u0144 2026\">rmonogram stycze\u0144 2026<\/a> <a href=\"https:\/\/przedszkolecieszyn.diecezjabielsko.pl\/wp-content\/uploads\/2025\/11\/Harmonogram-listopad-2025.pdf\" rel=\"attachment wp-att-1071\"><\/a><a href=\"https:\/\/przedszkolecieszyn.diecezjabielsko.pl\/wp-content\/uploads\/2026\/01\/Harmonogram-Grudzien-2025.pdf\" rel=\"attachment wp-att-1079\" aria-label=\"Harmonogram Grudzie\u0144 2025\">Harmonogram Grudzie\u0144 2025<\/a><a href=\"https:\/\/przedszkolecieszyn.diecezjabielsko.pl\/wp-content\/uploads\/2026\/01\/Harmonogram-grudzien-2025.pdf\" rel=\"attachment wp-att-1080\" aria-label=\"Harmonogram grudzie\u0144 2025\"><\/a><a href=\"https:\/\/przedszkolecieszyn.diecezjabielsko.pl\/wp-content\/uploads\/2025\/11\/Harmonogram-listopad-2025.pdf\" rel=\"attachment wp-att-1071\" aria-label=\"Harmonogram listopad 2025\">Harmonogram listopad 2025<\/a> \u00a0<a href=\"https:\/\/przedszkolecieszyn.diecezjabielsko.pl\/wp-content\/uploads\/2025\/11\/Harmonogram-wrzesien-2025.pdf\" rel=\"attachment wp-att-1070\"><\/a><a href=\"https:\/\/przedszkolecieszyn.diecezjabielsko.pl\/wp-content\/uploads\/2025\/11\/Harmonogram-pazdziernik-2025.pdf\" rel=\"attachment wp-att-1069\" aria-label=\"Harmonogram pa\u017adziernik 2025\">Harmonogram pa\u017adziernik 2025<\/a><a href=\"https:\/\/przedszkolecieszyn.diecezjabielsko.pl\/wp-content\/uploads\/2025\/11\/Harmonogram-wrzesien-2025.pdf\" rel=\"attachment wp-att-1070\" aria-label=\"Harmonogram wrzesie\u0144 2025\">\u00a0 \u00a0Harmonogram wrzesie\u0144 2025<\/a><a href=\"https:\/\/przedszkolecieszyn.diecezjabielsko.pl\/wp-content\/uploads\/2025\/05\/Harmonogram-pazdziernik-2024.pdf\" rel=\"attachment wp-att-970\" aria-label=\"pa\u017adziernik 2024\">\u00a0 pa\u017adziernik 2024 <\/a><a href=\"https:\/\/przedszkolecieszyn.diecezjabielsko.pl\/wp-content\/uploads\/2025\/05\/Harmonogram-listopad-2024.pdf\" rel=\"attachment wp-att-968\" aria-label=\"listopad 2024\">\u00a0listopad 2024 <\/a><a href=\"https:\/\/przedszkolecieszyn.diecezjabielsko.pl\/wp-content\/uploads\/2025\/05\/Harmonogram-grudzien-2024.pdf\" rel=\"attachment wp-att-972\" aria-label=\"grudzie\u0144 2024\">grudzie\u0144 2024 <\/a><a href=\"https:\/\/przedszkolecieszyn.diecezjabielsko.pl\/wp-content\/uploads\/2025\/05\/Harmonogram-styczen-2025.pdf\" rel=\"attachment wp-att-971\" aria-label=\"stycze\u0144 2025\">\u00a0stycze\u0144 2025 <\/a><a href=\"https:\/\/przedszkolecieszyn.diecezjabielsko.pl\/wp-content\/uploads\/2025\/07\/Harmonogram-luty-2025.pdf\" rel=\"attachment wp-att-1001\" aria-label=\"Harmonogram luty 2025\">Harmonogram luty 2025 <\/a><a href=\"https:\/\/przedszkolecieszyn.diecezjabielsko.pl\/wp-content\/uploads\/2025\/05\/Harmonogram-luty-2025.pdf\" rel=\"attachment wp-att-969\"><\/a><a href=\"https:\/\/przedszkolecieszyn.diecezjabielsko.pl\/wp-content\/uploads\/2025\/07\/Harmonogram-marzec-2025.pdf\" rel=\"attachment wp-att-1004\" aria-label=\"Harmonogram marzec 2025\">Harmonogram marzec 2025 <\/a><a href=\"https:\/\/przedszkolecieszyn.diecezjabielsko.pl\/wp-content\/uploads\/2025\/07\/Harmonogram-kwiecien-2025.pdf\" rel=\"attachment wp-att-1005\" aria-label=\"Harmonogram kwiecie\u0144 2025\">Harmonogram kwiecie\u0144 2025 <\/a><a href=\"https:\/\/przedszkolecieszyn.diecezjabielsko.pl\/wp-content\/uploads\/2025\/07\/Harmonogram-Maj-2025.pdf\" rel=\"attachment wp-att-1007\" aria-label=\"Harmonogram Maj 2025\">Harmonogram Maj 2025 <\/a><a href=\"https:\/\/przedszkolecieszyn.diecezjabielsko.pl\/wp-content\/uploads\/2025\/06\/Harmonogram-czerwiec-2025.pdf\" rel=\"attachment wp-att-989\" aria-label=\"Harmonogram czerwiec 2025\">Harmonogram czerwiec 2025 <\/a><a href=\"https:\/\/przedszkolecieszyn.diecezjabielsko.pl\/wp-content\/uploads\/2025\/07\/Harmonogram-lipiec-2025.pdf\" rel=\"attachment wp-att-1002\" aria-label=\"Harmonogram lipiec 2025\">Harmonogram lipiec 2025 <\/a><a href=\"https:\/\/przedszkolecieszyn.diecezjabielsko.pl\/wp-content\/uploads\/2025\/07\/Harmonogram-sierpien-2025.pdf\" rel=\"attachment wp-att-1006\" aria-label=\"Harmonogram sierpie\u0144 2025\">Harmonogram sierpie\u0144 2025<\/a><a href=\"https:\/\/przedszkolecieszyn.diecezjabielsko.pl\/wp-content\/uploads\/2025\/05\/Harmonogram-luty-2025.pdf\" rel=\"attachment wp-att-969\"><\/a><\/p>\n<p>[\/et_pb_toggle][\/et_pb_column][\/et_pb_row][\/et_pb_section]<\/p>\n","protected":false},"excerpt":{"rendered":"<p>&nbsp; Mali badacze \u015bwiata Projekt realizowany jest ze \u015brodk\u00f3w Programu Fundusze Europejskie dla \u015al\u0105skiego 2021-2027 (Europejski Fundusz Spo\u0142eczny +) Priorytet: FESL.06.00 \u2013 Fundusze Europejskie dla edukacji Dzia\u0142anie: FESL.06.01 \u2013 Edukacja przedszkolna Celem projektu jest podniesienie jako\u015bci edukacji przedszkolnej w Katolickim Przedszkolu im. Dzieci\u0105tka Jezus w Cieszynie dzi\u0119ki realizacji zaj\u0119\u0107 dodatkowych wyr\u00f3wnuj\u0105cych szanse edukacyjne dzieci w [&hellip;]<\/p>\n","protected":false},"author":2,"featured_media":0,"parent":0,"menu_order":0,"comment_status":"closed","ping_status":"closed","template":"","meta":{"_et_pb_use_builder":"on","_et_pb_old_content":"","_et_gb_content_width":"","footnotes":""},"class_list":["post-736","page","type-page","status-publish","hentry"],"_links":{"self":[{"href":"https:\/\/przedszkolecieszyn.diecezjabielsko.pl\/index.php\/wp-json\/wp\/v2\/pages\/736","targetHints":{"allow":["GET"]}}],"collection":[{"href":"https:\/\/przedszkolecieszyn.diecezjabielsko.pl\/index.php\/wp-json\/wp\/v2\/pages"}],"about":[{"href":"https:\/\/przedszkolecieszyn.diecezjabielsko.pl\/index.php\/wp-json\/wp\/v2\/types\/page"}],"author":[{"embeddable":true,"href":"https:\/\/przedszkolecieszyn.diecezjabielsko.pl\/index.php\/wp-json\/wp\/v2\/users\/2"}],"replies":[{"embeddable":true,"href":"https:\/\/przedszkolecieszyn.diecezjabielsko.pl\/index.php\/wp-json\/wp\/v2\/comments?post=736"}],"version-history":[{"count":46,"href":"https:\/\/przedszkolecieszyn.diecezjabielsko.pl\/index.php\/wp-json\/wp\/v2\/pages\/736\/revisions"}],"predecessor-version":[{"id":1131,"href":"https:\/\/przedszkolecieszyn.diecezjabielsko.pl\/index.php\/wp-json\/wp\/v2\/pages\/736\/revisions\/1131"}],"wp:attachment":[{"href":"https:\/\/przedszkolecieszyn.diecezjabielsko.pl\/index.php\/wp-json\/wp\/v2\/media?parent=736"}],"curies":[{"name":"wp","href":"https:\/\/api.w.org\/{rel}","templated":true}]}}